{"id":190,"date":"2019-04-22T16:35:52","date_gmt":"2019-04-22T16:35:52","guid":{"rendered":"https:\/\/atavisticchemotherapy.com\/?page_id=190"},"modified":"2025-10-03T09:16:23","modified_gmt":"2025-10-03T09:16:23","slug":"tratamiento-del-cancer-en-casos-clinicos","status":"publish","type":"page","link":"https:\/\/atavisticchemotherapy.com\/es\/tratamiento-del-cancer-en-casos-clinicos\/","title":{"rendered":"Clinical cases"},"content":{"rendered":"","protected":false},"excerpt":{"rendered":"","protected":false},"author":1,"featured_media":0,"parent":0,"menu_order":0,"comment_status":"closed","ping_status":"closed","template":"","meta":{"footnotes":""},"class_list":["post-190","page","type-page","status-publish","hentry"],"yoast_head":"<!-- This site is optimized with the Yoast SEO plugin v27.5 - https:\/\/yoast.com\/product\/yoast-seo-wordpress\/ -->\n<title>Clinical cases - Atavistic Chemotherapy<\/title>\n<meta name=\"description\" content=\"This new drug-based approach for cancer treatment was initiated as a clinical trial in 2011 after the publication of a book.\" \/>\n<meta name=\"robots\" content=\"index, follow, max-snippet:-1, max-image-preview:large, max-video-preview:-1\" \/>\n<link rel=\"canonical\" href=\"https:\/\/atavisticchemotherapy.com\/es\/tratamiento-del-cancer-en-casos-clinicos\/\" \/>\n<meta property=\"og:locale\" content=\"es_MX\" \/>\n<meta property=\"og:type\" content=\"article\" \/>\n<meta property=\"og:title\" content=\"Clinical cases - Atavistic Chemotherapy\" \/>\n<meta property=\"og:description\" content=\"This new drug-based approach for cancer treatment was initiated as a clinical trial in 2011 after the publication of a book.\" \/>\n<meta property=\"og:url\" content=\"https:\/\/atavisticchemotherapy.com\/es\/tratamiento-del-cancer-en-casos-clinicos\/\" \/>\n<meta property=\"og:site_name\" content=\"Atavistic Chemotherapy\" \/>\n<meta property=\"article:modified_time\" content=\"2025-10-03T09:16:23+00:00\" \/>\n<meta name=\"twitter:card\" content=\"summary_large_image\" \/>\n<meta name=\"twitter:label1\" content=\"Tiempo de lectura\" \/>\n\t<meta name=\"twitter:data1\" content=\"1 minuto\" \/>\n<script type=\"application\/ld+json\" class=\"yoast-schema-graph\">{\"@context\":\"https:\\\/\\\/schema.org\",\"@graph\":[{\"@type\":\"WebPage\",\"@id\":\"https:\\\/\\\/atavisticchemotherapy.com\\\/clinical-cases-cancer-treatment\\\/\",\"url\":\"https:\\\/\\\/atavisticchemotherapy.com\\\/clinical-cases-cancer-treatment\\\/\",\"name\":\"Clinical cases - Atavistic Chemotherapy\",\"isPartOf\":{\"@id\":\"https:\\\/\\\/atavisticchemotherapy.com\\\/#website\"},\"datePublished\":\"2019-04-22T16:35:52+00:00\",\"dateModified\":\"2025-10-03T09:16:23+00:00\",\"description\":\"This new drug-based approach for cancer treatment was initiated as a clinical trial in 2011 after the publication of a book.\",\"breadcrumb\":{\"@id\":\"https:\\\/\\\/atavisticchemotherapy.com\\\/clinical-cases-cancer-treatment\\\/#breadcrumb\"},\"inLanguage\":\"es\",\"potentialAction\":[{\"@type\":\"ReadAction\",\"target\":[\"https:\\\/\\\/atavisticchemotherapy.com\\\/clinical-cases-cancer-treatment\\\/\"]}]},{\"@type\":\"BreadcrumbList\",\"@id\":\"https:\\\/\\\/atavisticchemotherapy.com\\\/clinical-cases-cancer-treatment\\\/#breadcrumb\",\"itemListElement\":[{\"@type\":\"ListItem\",\"position\":1,\"name\":\"Home\",\"item\":\"https:\\\/\\\/atavisticchemotherapy.com\\\/\"},{\"@type\":\"ListItem\",\"position\":2,\"name\":\"Clinical cases\"}]},{\"@type\":\"WebSite\",\"@id\":\"https:\\\/\\\/atavisticchemotherapy.com\\\/#website\",\"url\":\"https:\\\/\\\/atavisticchemotherapy.com\\\/\",\"name\":\"Atavistic Chemotherapy\",\"description\":\"\",\"potentialAction\":[{\"@type\":\"SearchAction\",\"target\":{\"@type\":\"EntryPoint\",\"urlTemplate\":\"https:\\\/\\\/atavisticchemotherapy.com\\\/?s={search_term_string}\"},\"query-input\":{\"@type\":\"PropertyValueSpecification\",\"valueRequired\":true,\"valueName\":\"search_term_string\"}}],\"inLanguage\":\"es\"}]}<\/script>\n<!-- \/ Yoast SEO plugin. -->","yoast_head_json":{"title":"Casos cl\u00ednicos - Quimioterapia at\u00e1vica","description":"Este nuevo enfoque farmacol\u00f3gico para el tratamiento del c\u00e1ncer se inici\u00f3 como un ensayo cl\u00ednico en 2011 tras la publicaci\u00f3n de un libro.","robots":{"index":"index","follow":"follow","max-snippet":"max-snippet:-1","max-image-preview":"max-image-preview:large","max-video-preview":"max-video-preview:-1"},"canonical":"https:\/\/atavisticchemotherapy.com\/es\/tratamiento-del-cancer-en-casos-clinicos\/","og_locale":"es_MX","og_type":"article","og_title":"Clinical cases - Atavistic Chemotherapy","og_description":"This new drug-based approach for cancer treatment was initiated as a clinical trial in 2011 after the publication of a book.","og_url":"https:\/\/atavisticchemotherapy.com\/es\/tratamiento-del-cancer-en-casos-clinicos\/","og_site_name":"Atavistic Chemotherapy","article_modified_time":"2025-10-03T09:16:23+00:00","twitter_card":"summary_large_image","twitter_misc":{"Tiempo de lectura":"1 minuto"},"schema":{"@context":"https:\/\/schema.org","@graph":[{"@type":"WebPage","@id":"https:\/\/atavisticchemotherapy.com\/clinical-cases-cancer-treatment\/","url":"https:\/\/atavisticchemotherapy.com\/clinical-cases-cancer-treatment\/","name":"Casos cl\u00ednicos - Quimioterapia at\u00e1vica","isPartOf":{"@id":"https:\/\/atavisticchemotherapy.com\/#website"},"datePublished":"2019-04-22T16:35:52+00:00","dateModified":"2025-10-03T09:16:23+00:00","description":"Este nuevo enfoque farmacol\u00f3gico para el tratamiento del c\u00e1ncer se inici\u00f3 como un ensayo cl\u00ednico en 2011 tras la publicaci\u00f3n de un libro.","breadcrumb":{"@id":"https:\/\/atavisticchemotherapy.com\/clinical-cases-cancer-treatment\/#breadcrumb"},"inLanguage":"es","potentialAction":[{"@type":"ReadAction","target":["https:\/\/atavisticchemotherapy.com\/clinical-cases-cancer-treatment\/"]}]},{"@type":"BreadcrumbList","@id":"https:\/\/atavisticchemotherapy.com\/clinical-cases-cancer-treatment\/#breadcrumb","itemListElement":[{"@type":"ListItem","position":1,"name":"Home","item":"https:\/\/atavisticchemotherapy.com\/"},{"@type":"ListItem","position":2,"name":"Clinical cases"}]},{"@type":"WebSite","@id":"https:\/\/atavisticchemotherapy.com\/#website","url":"https:\/\/atavisticchemotherapy.com\/","name":"Quimioterapia at\u00e1vica","description":"","potentialAction":[{"@type":"SearchAction","target":{"@type":"EntryPoint","urlTemplate":"https:\/\/atavisticchemotherapy.com\/?s={search_term_string}"},"query-input":{"@type":"PropertyValueSpecification","valueRequired":true,"valueName":"search_term_string"}}],"inLanguage":"es"}]}},"_links":{"self":[{"href":"https:\/\/atavisticchemotherapy.com\/es\/wp-json\/wp\/v2\/pages\/190","targetHints":{"allow":["GET"]}}],"collection":[{"href":"https:\/\/atavisticchemotherapy.com\/es\/wp-json\/wp\/v2\/pages"}],"about":[{"href":"https:\/\/atavisticchemotherapy.com\/es\/wp-json\/wp\/v2\/types\/page"}],"author":[{"embeddable":true,"href":"https:\/\/atavisticchemotherapy.com\/es\/wp-json\/wp\/v2\/users\/1"}],"replies":[{"embeddable":true,"href":"https:\/\/atavisticchemotherapy.com\/es\/wp-json\/wp\/v2\/comments?post=190"}],"version-history":[{"count":5,"href":"https:\/\/atavisticchemotherapy.com\/es\/wp-json\/wp\/v2\/pages\/190\/revisions"}],"predecessor-version":[{"id":4204,"href":"https:\/\/atavisticchemotherapy.com\/es\/wp-json\/wp\/v2\/pages\/190\/revisions\/4204"}],"wp:attachment":[{"href":"https:\/\/atavisticchemotherapy.com\/es\/wp-json\/wp\/v2\/media?parent=190"}],"curies":[{"name":"wp","href":"https:\/\/api.w.org\/{rel}","templated":true}]}}