{"id":3409,"date":"2024-02-20T01:39:17","date_gmt":"2024-02-20T01:39:17","guid":{"rendered":"https:\/\/atavisticchemotherapy.com\/?page_id=3409"},"modified":"2024-03-25T09:40:28","modified_gmt":"2024-03-25T09:40:28","slug":"comprobacion-de-la-realidad","status":"publish","type":"page","link":"https:\/\/atavisticchemotherapy.com\/es\/comprobacion-de-la-realidad\/","title":{"rendered":"Reality Check"},"content":{"rendered":"<div data-elementor-type=\"wp-page\" data-elementor-id=\"3409\" class=\"elementor elementor-3409\">\n\t\t\t\t\t\t<section class=\"has_eae_slider elementor-section elementor-top-section elementor-element elementor-element-860dd2b elementor-section-full_width elementor-section-height-default elementor-section-height-default\" data-eae-slider=\"11662\" data-id=\"860dd2b\" data-element_type=\"section\" data-e-type=\"section\">\n\t\t\t\t\t\t<div class=\"elementor-container elementor-column-gap-default\">\n\t\t\t\t\t<div class=\"has_eae_slider elementor-column elementor-col-100 elementor-top-column elementor-element elementor-element-473f436\" data-eae-slider=\"1480\" data-id=\"473f436\" data-element_type=\"column\" data-e-type=\"column\">\n\t\t\t<div class=\"elementor-widget-wrap elementor-element-populated\">\n\t\t\t\t\t\t<div class=\"elementor-element elementor-element-fe848fd elementor-widget elementor-widget-heading\" data-id=\"fe848fd\" data-element_type=\"widget\" data-e-type=\"widget\" data-widget_type=\"heading.default\">\n\t\t\t\t<div class=\"elementor-widget-container\">\n\t\t\t\t\t<h2 class=\"elementor-heading-title elementor-size-default\">A pesar del aparente progreso en la investigaci\u00f3n y el tratamiento del c\u00e1ncer en los \u00faltimos 60 a\u00f1os, el c\u00e1ncer representa hoy una amenaza mucho mayor para el mundo que en cualquier otro momento de la historia de la medicina.<\/h2>\t\t\t\t<\/div>\n\t\t\t\t<\/div>\n\t\t\t\t<div class=\"elementor-element elementor-element-c9d7c0e elementor-widget elementor-widget-text-editor\" data-id=\"c9d7c0e\" data-element_type=\"widget\" data-e-type=\"widget\" data-widget_type=\"text-editor.default\">\n\t\t\t\t<div class=\"elementor-widget-container\">\n\t\t\t\t\t\t\t\t\t<ol><li>En 2020, se estimaron 19,3 millones de nuevos casos de c\u00e1ncer y casi 10 millones de muertes por esta enfermedad en todo el mundo. En comparaci\u00f3n con 2010, estas cifras aumentaron en 26,31 y 20,91 millones de casos por cada 100.000 habitantes, respectivamente. Si consideramos que 10 millones de personas mueren de c\u00e1ncer en todo el mundo cada a\u00f1o, esto equivale a 27.500 muertes por c\u00e1ncer cada 24 horas (Refs. 1 y 2).<\/li><li><a href=\"https:\/\/www.cancer.net\/cancer-types\/breast-cancer\/statistics\">El c\u00e1ncer de mama femenino ha superado al c\u00e1ncer de pulm\u00f3n.<\/a> El c\u00e1ncer de pulm\u00f3n es el m\u00e1s diagnosticado en el mundo, con aproximadamente 2,3 millones de casos nuevos cada a\u00f1o. Sin embargo, sigue siendo la principal causa de muerte por c\u00e1ncer a nivel mundial, con un estimado de 1,8 millones de fallecimientos anuales, seguido del c\u00e1ncer colorrectal con 940.000 muertes; el c\u00e1ncer de h\u00edgado con 830.000 muertes; el c\u00e1ncer de est\u00f3mago con 770.000 muertes; y el c\u00e1ncer de mama en mujeres con 690.000 muertes anuales (Refs. 1 y 2).<\/li><li>Tan solo en Estados Unidos, 1.670 hombres, mujeres y ni\u00f1os mueren de c\u00e1ncer cada 24 horas (609.820 muertes anuales) (Ref. 3).<\/li><li>Adem\u00e1s, en Estados Unidos, el n\u00famero de muertes relacionadas con el c\u00e1ncer aument\u00f3 de 64 por cada 100.000 personas en 1900 a 185,5 por cada 100.000 personas en 2018 (Refs. 4, 5 y 6).<\/li><li>En 2002, el c\u00e1ncer super\u00f3 a las enfermedades cardiovasculares como la principal causa de muerte en los Estados Unidos para las personas menores de 85 a\u00f1os (Refs. 7 y 8).<\/li><li>Se espera que para 2040 la carga mundial anual de c\u00e1ncer alcance los 27,5 millones de casos nuevos y 16,3 millones de muertes, lo que representa un aumento de 38% y 63%, respectivamente, con respecto a 2020 (Ref. 9).<\/li><li>La mayor\u00eda de los pacientes con c\u00e1ncer desconocen que su enfermedad es incurable y casi siempre mortal si una o m\u00e1s c\u00e9lulas cancerosas sobreviven a una cirug\u00eda radical temprana y extensa. En otras palabras, con o sin cirug\u00eda, si las c\u00e9lulas cancerosas ya se han diseminado desde el tumor primario a \u00f3rganos distantes, causando met\u00e1stasis (c\u00e1ncer en estadio IV), o si el c\u00e1ncer no puede extirparse por completo, el paciente fallecer\u00e1. Esto era cierto en 1900 y sigue si\u00e9ndolo en 2024 (Ref. 10).\u00a0<strong>Lamentablemente, en los EE. UU., hasta 80% de los pacientes con enfermedad metast\u00e1sica que reciben quimioterapia creen que se curar\u00e1n (Ref. 11).<\/strong><b style=\"letter-spacing: 0px;\">\u00a0\u00a0<\/b><em style=\"letter-spacing: 0px;\">Las afirmaciones anteriores en #7 excluyen algunas leucemias raras, linfomas, algunos tumores de c\u00e9lulas germinales y algunos otros c\u00e1nceres pedi\u00e1tricos que ahora pueden curarse con una combinaci\u00f3n de cirug\u00eda, <a href=\"https:\/\/atavisticchemotherapy.com\/es\/\">quimioterapia convencional,<\/a> y radiaci\u00f3n. Desafortunadamente, en conjunto, estos tumores representan solo el 2,71% de todos los c\u00e1nceres humanos.<\/em><\/li><li>A pesar de una aparente respuesta inicial a la quimioterapia y radioterapia convencionales, las c\u00e9lulas cancerosas se vuelven m\u00e1s agresivas, metastatizan con mayor facilidad y alcanzan localizaciones anat\u00f3micas poco comunes en los c\u00e1nceres no tratados. Solo en los \u00faltimos a\u00f1os la comunidad m\u00e9dica ha reconocido m\u00e1s abiertamente este problema de exacerbaci\u00f3n iatrog\u00e9nica del c\u00e1ncer inducida por f\u00e1rmacos (Refs. 12-17).\u00a0<\/li><li>Desde principios de la d\u00e9cada de 1990, la incidencia de c\u00e1nceres diagnosticados en personas menores de 50 a\u00f1os ha aumentado r\u00e1pidamente en varios pa\u00edses de ingresos medios y altos (Ref. 18). Seg\u00fan un estudio epidemiol\u00f3gico reciente, la incidencia de c\u00e1ncer de mama, colon, endometrio, es\u00f3fago, v\u00edas biliares extrahep\u00e1ticas, ves\u00edcula biliar, cabeza y cuello, ri\u00f1\u00f3n, h\u00edgado, m\u00e9dula \u00f3sea, p\u00e1ncreas, pr\u00f3stata, est\u00f3mago y tiroides ha aumentado en personas menores de 50 a\u00f1os en todo el mundo (Ref. 19). Estos resultados demuestran la rapidez con la que el c\u00e1ncer se est\u00e1 convirtiendo en la principal causa de muerte prematura a nivel mundial (Ref. 20).<\/li><\/ol>\t\t\t\t\t\t\t\t<\/div>\n\t\t\t\t<\/div>\n\t\t\t\t<div class=\"elementor-element elementor-element-55515e5 elementor-widget elementor-widget-heading\" data-id=\"55515e5\" data-element_type=\"widget\" data-e-type=\"widget\" data-widget_type=\"heading.default\">\n\t\t\t\t<div class=\"elementor-widget-container\">\n\t\t\t\t\t<h2 class=\"elementor-heading-title elementor-size-default\">REFERENCIAS CITADAS<\/h2>\t\t\t\t<\/div>\n\t\t\t\t<\/div>\n\t\t\t\t<div class=\"elementor-element elementor-element-afac7bd elementor-widget elementor-widget-text-editor\" data-id=\"afac7bd\" data-element_type=\"widget\" data-e-type=\"widget\" data-widget_type=\"text-editor.default\">\n\t\t\t\t<div class=\"elementor-widget-container\">\n\t\t\t\t\t\t\t\t\t<p>(1) Sung H, Ferlay J, Siegel RL, et al. Estad\u00edsticas mundiales del c\u00e1ncer 2020: Estimaciones GLOBOCAN de incidencia y mortalidad en todo el mundo para 36 tipos de c\u00e1ncer en 185 pa\u00edses. CA Cancer J Clin. 2021;71(3):209-249. doi:10.3322\/caac.21660<\/p><p>(2) Colaboraci\u00f3n sobre el c\u00e1ncer del Estudio de la Carga Mundial de Morbilidad 2019, Kocarnik JM, Compton K, et al. Incidencia, mortalidad, a\u00f1os de vida perdidos, a\u00f1os vividos con discapacidad y a\u00f1os de vida ajustados por discapacidad en 29 grupos de c\u00e1ncer entre 2010 y 2019: un an\u00e1lisis sistem\u00e1tico para el Estudio de la Carga Mundial de Morbilidad 2019. JAMA Oncol. 2022;8(3):420-444. doi:10.1001\/jamaoncol.2021.6987<\/p><p>(3) Siegel RL, Miller KD, Wagle NS, Jemal A. Estad\u00edsticas de c\u00e1ncer, 2023. CA Cancer J Clin. 2023;73(1):17-48. doi:10.3322\/caac.21763<\/p><p>(4) Grove RD, Hetzel AM. Tasas de estad\u00edsticas vitales en los Estados Unidos 1940-1960. Washington, DC: Centro Nacional de Estad\u00edsticas de Salud; 1968.<\/p><p>(5) Wingo PA, Cardinez CJ, Landis SH, Greenlee RT, Ries LA, Anderson RN, Thun MJ. Tendencias a largo plazo de la mortalidad por c\u00e1ncer en Estados Unidos, 1930-1998. Cancer. 15 de junio de 2003;97(12 Supl.):3133-275. doi: 10.1002\/cncr.11380. Fe de erratas en: Cancer. 15 de junio de 2005;103(12):2658. PMID: 12784323.<\/p><p>(6) Islami F, Ward EM, Sung H, Cronin KA, Tangka FKL, Sherman RL, Zhao J, Anderson RN, Henley SJ, Yabroff KR, Jemal A, Benard VB. Informe anual a la naci\u00f3n sobre el estado del c\u00e1ncer, Parte 1: Estad\u00edsticas nacionales del c\u00e1ncer. J Natl Cancer Inst. 8 de julio de 2021;113(12):1648\u201369. doi: 10.1093\/jnci\/djab131. Publicaci\u00f3n electr\u00f3nica previa a la impresa. PMID: 34240195; PMCID: PMC8634503.<\/p><p>(7) Twombly R. El c\u00e1ncer supera a las enfermedades card\u00edacas como principal causa de muerte en todos los grupos, excepto en los ancianos. J Natl Cancer Inst. 2005;97(5):330-331. doi:10.1093\/jnci\/97.5.330<\/p><p>(8) Harding MC, Sloan CD, Merrill RM, Harding TM, Thacker BJ, Thacker EL. Transici\u00f3n de las enfermedades card\u00edacas al c\u00e1ncer como principal causa de muerte en los estados de EE. UU., 1999-2016. Prev Chronic Dis. 2018;15:E158. Publicado el 13 de diciembre de 2018. doi:10.5888\/pcd15.180151<\/p><p>(9) Bray F, Ferlay J, Soerjomataram I, Siegel RL, Torre LA, Jemal A. Estad\u00edsticas mundiales del c\u00e1ncer 2018: Estimaciones GLOBOCAN de incidencia y mortalidad a nivel mundial para 36 tipos de c\u00e1ncer en 185 pa\u00edses [correcci\u00f3n publicada en CA Cancer J Clin. 2020 jul;70(4):313]. CA Cancer J Clin. 2018;68(6):394-424. doi:10.3322\/caac.21492<\/p><p>(10) Bailar JC 3rd, Gornik HL. El c\u00e1ncer invicto. N Engl J Med. 1997;336(22):1569-1574. doi:10.1056\/NEJM199705293362206<\/p><p>(11) Weeks JC, Catalano PJ, Cronin A, Finkelman MD, Mack JW, Keating NL, Schrag D. Expectativas de los pacientes sobre los efectos de la quimioterapia para el c\u00e1ncer avanzado. N Engl J Med. 25 de octubre de 2012;367(17):1616-25. doi: 10.1056\/NEJMoa1204410. PMID: 23094723; PMCID: PMC3613151.<\/p><p>(12) Karagiannis GS, Pastoriza JM, Wang Y, Harney AS, Entenberg D, Pignatelli J, Sharma VP, Xue EA, Cheng E, D&#039;Alfonso TM, Jones JG, Anampa J, Rohan TE, Sparano JA, Condeelis JS, Oktay MH. La quimioterapia neoadyuvante induce met\u00e1stasis del c\u00e1ncer de mama mediante un mecanismo mediado por TMEM. Ciencia Transl Med. 5 de julio de 2017;9(397):eaan0026. doi: 10.1126\/scitranslmed.aan0026. Errata en: Sci Transl Med. 19 de julio de 2017; 9 (399): PMID: 28679654; PMCID: PMC5592784.<\/p><p>(13) Middleton JD, Stover DG, Hai T. Met\u00e1stasis de c\u00e1ncer de mama exacerbada por quimioterapia: una paradoja explicable por una respuesta adaptativa desregulada. Int J Mol Sci. 26 de octubre de 2018;19(11):3333. doi: 10.3390\/ijms19113333. PMID: 30373101; PMCID: PMC6274941.<\/p><p>(14) D&#039;Alterio C, Scala S, Sozzi G, Roz L, Bertolini G. Efectos parad\u00f3jicos de la quimioterapia en la recidiva tumoral y la promoci\u00f3n de met\u00e1stasis. Semin Cancer Biol. 2020 Feb;60:351-361. doi: 10.1016\/j.semcancer.2019.08.019. Epub 2019 Aug 24. PMID: 31454672.<\/p><p>(15) Sofia Vala I, Martins LR, Imaizumi N, Nunes RJ, Rino J, Kuonen F, Carvalho LM, R\u00fcegg C, Grillo IM, Barata JT, Mareel M, Santos SC. Las dosis bajas de radiaci\u00f3n ionizante promueven el crecimiento tumoral y la met\u00e1stasis al mejorar la angiog\u00e9nesis. M\u00e1s uno. 21 de junio de 2010;5(6):e11222. doi: 10.1371\/journal.pone.0011222. PMID: 20574535; PMCID: PMC2888592.<\/p><p>(16) Moncharmont C, Levy A, Guy JB, Falk AT, Guilbert M, Trone JC, Alphonse G, Gilormini M, Ardail D, Toillon RA, Rodriguez-Lafrasse C, Magn\u00e9 N. Proceso de migraci\u00f3n\/invasi\u00f3n celular mejorado por radiaci\u00f3n: una revisi\u00f3n. Crit Rev Oncol Hematol. 2014 noviembre;92(2):133-42. doi: 10.1016\/j.critrevonc.2014.05.006. Publicaci\u00f3n electr\u00f3nica del 22 de mayo de 2014. PMID: 24908570.<\/p><p>(17) Vilalta M, Rafat M, Graves EE. Efectos de la radiaci\u00f3n sobre la met\u00e1stasis y la migraci\u00f3n de c\u00e9lulas tumorales. Cell Mol Life Sci. 2016 ago;73(16):2999-3007. doi: 10.1007\/s00018-016-2210-5. Epub 2016 mar 29. PMID: 27022944; PMCID: PMC4956569<\/p><p>(18) di Martino, Erica et al. \u201cTendencias de incidencia de doce tipos de c\u00e1ncer en adultos j\u00f3venes: una revisi\u00f3n r\u00e1pida\u201d. British Journal of Cancer, vol. 126, n.\u00ba 10 (2022): 1374-1386. doi:10.1038\/s41416-022-01704-x<\/p><p>(19) Ugai, Tomotaka et al. &quot;\u00bfEs el c\u00e1ncer de inicio temprano una epidemia mundial emergente? Evidencia actual e implicaciones futuras&quot;. Nature Reviews Clinical Oncology, vol. 19, n.\u00ba 10 (2022): 656-673. doi:10.1038\/s41571-022-00672-8&nbsp;<\/p><p>(20) Bray F, Laversanne M, Weiderpass E, Soerjomataram I. La importancia cada vez mayor del c\u00e1ncer como una de las principales causas de muerte prematura en todo el mundo. Cancer. 4 de junio de 2021; 127(16):3029-30.<\/p>\t\t\t\t\t\t\t\t<\/div>\n\t\t\t\t<\/div>\n\t\t\t\t\t<\/div>\n\t\t<\/div>\n\t\t\t\t\t<\/div>\n\t\t<\/section>\n\t\t\t\t<\/div>","protected":false},"excerpt":{"rendered":"<p>Despite the Apparent Progress in Cancer Research and Therapy Over the Last 60 years, Cancer Poses a Much Greater Threat to the World Today, Than in<span class=\"excerpt-hellip\"> [\u2026]<\/span><\/p>","protected":false},"author":1,"featured_media":0,"parent":0,"menu_order":0,"comment_status":"closed","ping_status":"closed","template":"","meta":{"footnotes":""},"class_list":["post-3409","page","type-page","status-publish","hentry"],"yoast_head":"<!-- This site is optimized with the Yoast SEO plugin v27.4 - https:\/\/yoast.com\/product\/yoast-seo-wordpress\/ -->\n<title>Reality Check - Atavistic Chemotherapy<\/title>\n<meta name=\"description\" content=\"Cancer cases surged to 19.3 million with 10 million deaths in 2020. Cancers is the most diagnosed one of the deadliest\" \/>\n<meta name=\"robots\" content=\"index, follow, max-snippet:-1, max-image-preview:large, max-video-preview:-1\" \/>\n<link rel=\"canonical\" href=\"https:\/\/atavisticchemotherapy.com\/es\/comprobacion-de-la-realidad\/\" \/>\n<meta property=\"og:locale\" content=\"es_MX\" \/>\n<meta property=\"og:type\" content=\"article\" \/>\n<meta property=\"og:title\" content=\"Reality Check - Atavistic Chemotherapy\" \/>\n<meta property=\"og:description\" content=\"Cancer cases surged to 19.3 million with 10 million deaths in 2020. Cancers is the most diagnosed one of the deadliest\" \/>\n<meta property=\"og:url\" content=\"https:\/\/atavisticchemotherapy.com\/es\/comprobacion-de-la-realidad\/\" \/>\n<meta property=\"og:site_name\" content=\"Atavistic Chemotherapy\" \/>\n<meta property=\"article:modified_time\" content=\"2024-03-25T09:40:28+00:00\" \/>\n<meta name=\"twitter:card\" content=\"summary_large_image\" \/>\n<meta name=\"twitter:label1\" content=\"Tiempo de lectura\" \/>\n\t<meta name=\"twitter:data1\" content=\"6 minutos\" \/>\n<script type=\"application\/ld+json\" class=\"yoast-schema-graph\">{\"@context\":\"https:\\\/\\\/schema.org\",\"@graph\":[{\"@type\":\"WebPage\",\"@id\":\"https:\\\/\\\/atavisticchemotherapy.com\\\/reality-check\\\/\",\"url\":\"https:\\\/\\\/atavisticchemotherapy.com\\\/reality-check\\\/\",\"name\":\"Reality Check - Atavistic Chemotherapy\",\"isPartOf\":{\"@id\":\"https:\\\/\\\/atavisticchemotherapy.com\\\/#website\"},\"datePublished\":\"2024-02-20T01:39:17+00:00\",\"dateModified\":\"2024-03-25T09:40:28+00:00\",\"description\":\"Cancer cases surged to 19.3 million with 10 million deaths in 2020. Cancers is the most diagnosed one of the deadliest\",\"breadcrumb\":{\"@id\":\"https:\\\/\\\/atavisticchemotherapy.com\\\/reality-check\\\/#breadcrumb\"},\"inLanguage\":\"es\",\"potentialAction\":[{\"@type\":\"ReadAction\",\"target\":[\"https:\\\/\\\/atavisticchemotherapy.com\\\/reality-check\\\/\"]}]},{\"@type\":\"BreadcrumbList\",\"@id\":\"https:\\\/\\\/atavisticchemotherapy.com\\\/reality-check\\\/#breadcrumb\",\"itemListElement\":[{\"@type\":\"ListItem\",\"position\":1,\"name\":\"Home\",\"item\":\"https:\\\/\\\/atavisticchemotherapy.com\\\/\"},{\"@type\":\"ListItem\",\"position\":2,\"name\":\"Reality Check\"}]},{\"@type\":\"WebSite\",\"@id\":\"https:\\\/\\\/atavisticchemotherapy.com\\\/#website\",\"url\":\"https:\\\/\\\/atavisticchemotherapy.com\\\/\",\"name\":\"Atavistic Chemotherapy\",\"description\":\"\",\"potentialAction\":[{\"@type\":\"SearchAction\",\"target\":{\"@type\":\"EntryPoint\",\"urlTemplate\":\"https:\\\/\\\/atavisticchemotherapy.com\\\/?s={search_term_string}\"},\"query-input\":{\"@type\":\"PropertyValueSpecification\",\"valueRequired\":true,\"valueName\":\"search_term_string\"}}],\"inLanguage\":\"es\"}]}<\/script>\n<!-- \/ Yoast SEO plugin. -->","yoast_head_json":{"title":"An\u00e1lisis de la realidad: quimioterapia at\u00e1vica","description":"En 2020, los casos de c\u00e1ncer aumentaron dr\u00e1sticamente a 19,3 millones, con 10 millones de muertes. El c\u00e1ncer es uno de los m\u00e1s diagnosticados y, a la vez, uno de los m\u00e1s mortales.","robots":{"index":"index","follow":"follow","max-snippet":"max-snippet:-1","max-image-preview":"max-image-preview:large","max-video-preview":"max-video-preview:-1"},"canonical":"https:\/\/atavisticchemotherapy.com\/es\/comprobacion-de-la-realidad\/","og_locale":"es_MX","og_type":"article","og_title":"Reality Check - Atavistic Chemotherapy","og_description":"Cancer cases surged to 19.3 million with 10 million deaths in 2020. Cancers is the most diagnosed one of the deadliest","og_url":"https:\/\/atavisticchemotherapy.com\/es\/comprobacion-de-la-realidad\/","og_site_name":"Atavistic Chemotherapy","article_modified_time":"2024-03-25T09:40:28+00:00","twitter_card":"summary_large_image","twitter_misc":{"Tiempo de lectura":"6 minutos"},"schema":{"@context":"https:\/\/schema.org","@graph":[{"@type":"WebPage","@id":"https:\/\/atavisticchemotherapy.com\/reality-check\/","url":"https:\/\/atavisticchemotherapy.com\/reality-check\/","name":"An\u00e1lisis de la realidad: quimioterapia at\u00e1vica","isPartOf":{"@id":"https:\/\/atavisticchemotherapy.com\/#website"},"datePublished":"2024-02-20T01:39:17+00:00","dateModified":"2024-03-25T09:40:28+00:00","description":"En 2020, los casos de c\u00e1ncer aumentaron dr\u00e1sticamente a 19,3 millones, con 10 millones de muertes. El c\u00e1ncer es uno de los m\u00e1s diagnosticados y, a la vez, uno de los m\u00e1s mortales.","breadcrumb":{"@id":"https:\/\/atavisticchemotherapy.com\/reality-check\/#breadcrumb"},"inLanguage":"es","potentialAction":[{"@type":"ReadAction","target":["https:\/\/atavisticchemotherapy.com\/reality-check\/"]}]},{"@type":"BreadcrumbList","@id":"https:\/\/atavisticchemotherapy.com\/reality-check\/#breadcrumb","itemListElement":[{"@type":"ListItem","position":1,"name":"Home","item":"https:\/\/atavisticchemotherapy.com\/"},{"@type":"ListItem","position":2,"name":"Reality Check"}]},{"@type":"WebSite","@id":"https:\/\/atavisticchemotherapy.com\/#website","url":"https:\/\/atavisticchemotherapy.com\/","name":"Quimioterapia at\u00e1vica","description":"","potentialAction":[{"@type":"SearchAction","target":{"@type":"EntryPoint","urlTemplate":"https:\/\/atavisticchemotherapy.com\/?s={search_term_string}"},"query-input":{"@type":"PropertyValueSpecification","valueRequired":true,"valueName":"search_term_string"}}],"inLanguage":"es"}]}},"_links":{"self":[{"href":"https:\/\/atavisticchemotherapy.com\/es\/wp-json\/wp\/v2\/pages\/3409","targetHints":{"allow":["GET"]}}],"collection":[{"href":"https:\/\/atavisticchemotherapy.com\/es\/wp-json\/wp\/v2\/pages"}],"about":[{"href":"https:\/\/atavisticchemotherapy.com\/es\/wp-json\/wp\/v2\/types\/page"}],"author":[{"embeddable":true,"href":"https:\/\/atavisticchemotherapy.com\/es\/wp-json\/wp\/v2\/users\/1"}],"replies":[{"embeddable":true,"href":"https:\/\/atavisticchemotherapy.com\/es\/wp-json\/wp\/v2\/comments?post=3409"}],"version-history":[{"count":5,"href":"https:\/\/atavisticchemotherapy.com\/es\/wp-json\/wp\/v2\/pages\/3409\/revisions"}],"predecessor-version":[{"id":3622,"href":"https:\/\/atavisticchemotherapy.com\/es\/wp-json\/wp\/v2\/pages\/3409\/revisions\/3622"}],"wp:attachment":[{"href":"https:\/\/atavisticchemotherapy.com\/es\/wp-json\/wp\/v2\/media?parent=3409"}],"curies":[{"name":"wp","href":"https:\/\/api.w.org\/{rel}","templated":true}]}}