{"id":360,"date":"2020-02-23T10:56:03","date_gmt":"2020-02-23T10:56:03","guid":{"rendered":"https:\/\/atavisticchemotherapy.com\/?page_id=360"},"modified":"2025-10-14T00:50:09","modified_gmt":"2025-10-14T00:50:09","slug":"contactanos","status":"publish","type":"page","link":"https:\/\/atavisticchemotherapy.com\/es\/contactanos\/","title":{"rendered":"Cont\u00e1ctanos"},"content":{"rendered":"<h1>Cont\u00e1ctanos<\/h1>\n<p>\u00bfHas visitado nuestra p\u00e1gina de informaci\u00f3n para pacientes y nuestro blog y a\u00fan tienes alguna pregunta?<\/p>\n<p>No dude en contactarnos. Estamos aqu\u00ed para ayudarle.<br \/>\n<a role=\"button\" href=\"#link1\"><br \/>\n<\/a><\/p>\n<h2>Comun\u00edquese con el Dr. Frank Arguello:<\/h2>\n<p><img fetchpriority=\"high\" decoding=\"async\" class=\"alignnone wp-image-4278\" src=\"https:\/\/atavisticchemotherapy.com\/wp-content\/uploads\/2025\/10\/ContactUs-300x200.jpeg\" alt=\"\" width=\"651\" height=\"434\" srcset=\"https:\/\/atavisticchemotherapy.com\/wp-content\/uploads\/2025\/10\/ContactUs-300x200.jpeg 300w, https:\/\/atavisticchemotherapy.com\/wp-content\/uploads\/2025\/10\/ContactUs-219x146.jpeg 219w, https:\/\/atavisticchemotherapy.com\/wp-content\/uploads\/2025\/10\/ContactUs-50x33.jpeg 50w, https:\/\/atavisticchemotherapy.com\/wp-content\/uploads\/2025\/10\/ContactUs-113x75.jpeg 113w, https:\/\/atavisticchemotherapy.com\/wp-content\/uploads\/2025\/10\/ContactUs.jpeg 480w\" sizes=\"(max-width: 651px) 100vw, 651px\" \/><\/p>\n<form action=\"\/wp-admin\/admin-ajax.php#wpcf7-f389-o3\" method=\"post\" novalidate=\"novalidate\" data-trp-original-action=\"\/wp-admin\/admin-ajax.php#wpcf7-f389-o3\"><input name=\"_wpcf7\" type=\"hidden\" value=\"389\" \/><br \/>\n<input name=\"_wpcf7_version\" type=\"hidden\" value=\"5.1.6\" \/><br \/>\n<input name=\"_wpcf7_locale\" type=\"hidden\" value=\"en_US\" \/><br \/>\n<input name=\"_wpcf7_unit_tag\" type=\"hidden\" value=\"wpcf7-f389-o3\" \/><br \/>\n<input name=\"_wpcf7_container_post\" type=\"hidden\" value=\"0\" \/><label> <input name=\"your-name\" size=\"40\" type=\"text\" value=\"\" placeholder=\"Su nombre\" aria-required=\"true\" aria-invalid=\"false\" \/> <\/label><label> <input name=\"your-email\" size=\"40\" type=\"email\" value=\"\" placeholder=\"Tu correo electr\u00f3nico\" aria-required=\"true\" aria-invalid=\"false\" \/> <\/label><label> <input name=\"tel-320\" size=\"40\" type=\"tel\" value=\"\" placeholder=\"Tu n\u00famero\" aria-invalid=\"false\" \/> <\/label><label> <textarea cols=\"40\" name=\"your-message\" rows=\"10\" placeholder=\"Tu mensaje\" aria-required=\"true\" aria-invalid=\"false\"><\/textarea> <\/label><span style=\"display: block; font-size: 0; height: 0;\">Juegos de sumisi\u00f3n \u2013 juegos de culturismo asi\u00e1ticos <a title=\"Enantato de trembolona a la venta\" href=\"https:\/\/monstersteroids.net\/sale\/trenbolone-enanthate-injection\/\">Enantato de trembolona a la venta<\/a> Actividad \u2013 comprar esteroides para culturismo oxanabol 10 mg \u2013 creando el mundo \u2013 \u00bfqu\u00e9 crear\u00e1s hoy?.<\/span><\/p>\n<p><input type=\"submit\" value=\"Enviar\" \/><\/p>\n<input type=\"hidden\" name=\"trp-form-language\" value=\"es\"\/><\/form>\n<p>*Si no recibe respuesta en 24 horas, p\u00f3ngase en contacto con nosotros a trav\u00e9s de la siguiente direcci\u00f3n de correo electr\u00f3nico:<br \/>\n<a href=\"mailto:arguellof@atavisticchemotherapy.com\">argumentllof@atavisticchemotherapy.com<\/a><\/p>\n<p><iframe src=\"https:\/\/maps.google.com\/maps?q=Bethesda%20Metro%20Center%20Maryland%2020814&amp;t=m&amp;z=11&amp;output=embed&amp;iwloc=near\" frameborder=\"0\" marginwidth=\"0\" marginheight=\"0\" scrolling=\"no\" aria-label=\"Centro Metropolitano de Bethesda, Maryland 20814\"><\/iframe><\/p>\n<h2>DIRECCI\u00d3N<\/h2>\n<p><b>Oficina administrativa y de inscripci\u00f3n de EE. UU.:<\/b><\/p>\n<p>El ensayo de quimioterapia at\u00e1vica<br \/>\nCentro Metropolitano de Bethesda<br \/>\nBethesda, Maryland 20814<\/p>\n<h2>Ll\u00e1menos:<\/h2>\n<p>Tel\u00e9fono: 301 \u2013 760 \u2013 7777 (Maryland)<\/p>\n<p>Fax: (301) 690 \u2013 9000 (Maryland)<\/p>","protected":false},"excerpt":{"rendered":"<p>Contact Us Have you visited our patient information page and blog and still have a question? Please don&#8217;t hesitate to contact us. We are here to<span class=\"excerpt-hellip\"> [\u2026]<\/span><\/p>","protected":false},"author":1,"featured_media":0,"parent":0,"menu_order":0,"comment_status":"closed","ping_status":"closed","template":"","meta":{"footnotes":""},"class_list":["post-360","page","type-page","status-publish","hentry"],"yoast_head":"<!-- This site is optimized with the Yoast SEO plugin v27.5 - https:\/\/yoast.com\/product\/yoast-seo-wordpress\/ -->\n<title>Contact Us - Atavistic Chemotherapy<\/title>\n<meta name=\"robots\" content=\"index, follow, max-snippet:-1, max-image-preview:large, max-video-preview:-1\" \/>\n<link rel=\"canonical\" href=\"https:\/\/atavisticchemotherapy.com\/es\/contactanos\/\" \/>\n<meta property=\"og:locale\" content=\"es_MX\" \/>\n<meta property=\"og:type\" content=\"article\" \/>\n<meta property=\"og:title\" content=\"Contact Us - Atavistic Chemotherapy\" \/>\n<meta property=\"og:description\" content=\"Contact Us Have you visited our patient information page and blog and still have a question? Please don&#8217;t hesitate to contact us. We are here to [\u2026]\" \/>\n<meta property=\"og:url\" content=\"https:\/\/atavisticchemotherapy.com\/es\/contactanos\/\" \/>\n<meta property=\"og:site_name\" content=\"Atavistic Chemotherapy\" \/>\n<meta property=\"article:modified_time\" content=\"2025-10-14T00:50:09+00:00\" \/>\n<meta property=\"og:image\" content=\"https:\/\/atavisticchemotherapy.com\/wp-content\/uploads\/2025\/10\/ContactUs.jpeg\" \/>\n\t<meta property=\"og:image:width\" content=\"480\" \/>\n\t<meta property=\"og:image:height\" content=\"320\" \/>\n\t<meta property=\"og:image:type\" content=\"image\/jpeg\" \/>\n<meta name=\"twitter:card\" content=\"summary_large_image\" \/>\n<meta name=\"twitter:label1\" content=\"Tiempo de lectura\" \/>\n\t<meta name=\"twitter:data1\" content=\"1 minuto\" \/>\n<script type=\"application\/ld+json\" class=\"yoast-schema-graph\">{\"@context\":\"https:\\\/\\\/schema.org\",\"@graph\":[{\"@type\":\"WebPage\",\"@id\":\"https:\\\/\\\/atavisticchemotherapy.com\\\/contact-us\\\/\",\"url\":\"https:\\\/\\\/atavisticchemotherapy.com\\\/contact-us\\\/\",\"name\":\"Contact Us - Atavistic Chemotherapy\",\"isPartOf\":{\"@id\":\"https:\\\/\\\/atavisticchemotherapy.com\\\/#website\"},\"primaryImageOfPage\":{\"@id\":\"https:\\\/\\\/atavisticchemotherapy.com\\\/contact-us\\\/#primaryimage\"},\"image\":{\"@id\":\"https:\\\/\\\/atavisticchemotherapy.com\\\/contact-us\\\/#primaryimage\"},\"thumbnailUrl\":\"https:\\\/\\\/atavisticchemotherapy.com\\\/wp-content\\\/uploads\\\/2025\\\/10\\\/ContactUs-300x200.jpeg\",\"datePublished\":\"2020-02-23T10:56:03+00:00\",\"dateModified\":\"2025-10-14T00:50:09+00:00\",\"breadcrumb\":{\"@id\":\"https:\\\/\\\/atavisticchemotherapy.com\\\/contact-us\\\/#breadcrumb\"},\"inLanguage\":\"es\",\"potentialAction\":[{\"@type\":\"ReadAction\",\"target\":[\"https:\\\/\\\/atavisticchemotherapy.com\\\/contact-us\\\/\"]}]},{\"@type\":\"ImageObject\",\"inLanguage\":\"es\",\"@id\":\"https:\\\/\\\/atavisticchemotherapy.com\\\/contact-us\\\/#primaryimage\",\"url\":\"https:\\\/\\\/atavisticchemotherapy.com\\\/wp-content\\\/uploads\\\/2025\\\/10\\\/ContactUs-300x200.jpeg\",\"contentUrl\":\"https:\\\/\\\/atavisticchemotherapy.com\\\/wp-content\\\/uploads\\\/2025\\\/10\\\/ContactUs-300x200.jpeg\"},{\"@type\":\"BreadcrumbList\",\"@id\":\"https:\\\/\\\/atavisticchemotherapy.com\\\/contact-us\\\/#breadcrumb\",\"itemListElement\":[{\"@type\":\"ListItem\",\"position\":1,\"name\":\"Home\",\"item\":\"https:\\\/\\\/atavisticchemotherapy.com\\\/\"},{\"@type\":\"ListItem\",\"position\":2,\"name\":\"Contact Us\"}]},{\"@type\":\"WebSite\",\"@id\":\"https:\\\/\\\/atavisticchemotherapy.com\\\/#website\",\"url\":\"https:\\\/\\\/atavisticchemotherapy.com\\\/\",\"name\":\"Atavistic Chemotherapy\",\"description\":\"\",\"potentialAction\":[{\"@type\":\"SearchAction\",\"target\":{\"@type\":\"EntryPoint\",\"urlTemplate\":\"https:\\\/\\\/atavisticchemotherapy.com\\\/?s={search_term_string}\"},\"query-input\":{\"@type\":\"PropertyValueSpecification\",\"valueRequired\":true,\"valueName\":\"search_term_string\"}}],\"inLanguage\":\"es\"}]}<\/script>\n<!-- \/ Yoast SEO plugin. -->","yoast_head_json":{"title":"Cont\u00e1ctanos - Quimioterapia At\u00e1vica","robots":{"index":"index","follow":"follow","max-snippet":"max-snippet:-1","max-image-preview":"max-image-preview:large","max-video-preview":"max-video-preview:-1"},"canonical":"https:\/\/atavisticchemotherapy.com\/es\/contactanos\/","og_locale":"es_MX","og_type":"article","og_title":"Contact Us - Atavistic Chemotherapy","og_description":"Contact Us Have you visited our patient information page and blog and still have a question? Please don&#8217;t hesitate to contact us. We are here to [\u2026]","og_url":"https:\/\/atavisticchemotherapy.com\/es\/contactanos\/","og_site_name":"Atavistic Chemotherapy","article_modified_time":"2025-10-14T00:50:09+00:00","og_image":[{"width":480,"height":320,"url":"https:\/\/atavisticchemotherapy.com\/wp-content\/uploads\/2025\/10\/ContactUs.jpeg","type":"image\/jpeg"}],"twitter_card":"summary_large_image","twitter_misc":{"Tiempo de lectura":"1 minuto"},"schema":{"@context":"https:\/\/schema.org","@graph":[{"@type":"WebPage","@id":"https:\/\/atavisticchemotherapy.com\/contact-us\/","url":"https:\/\/atavisticchemotherapy.com\/contact-us\/","name":"Cont\u00e1ctanos - Quimioterapia At\u00e1vica","isPartOf":{"@id":"https:\/\/atavisticchemotherapy.com\/#website"},"primaryImageOfPage":{"@id":"https:\/\/atavisticchemotherapy.com\/contact-us\/#primaryimage"},"image":{"@id":"https:\/\/atavisticchemotherapy.com\/contact-us\/#primaryimage"},"thumbnailUrl":"https:\/\/atavisticchemotherapy.com\/wp-content\/uploads\/2025\/10\/ContactUs-300x200.jpeg","datePublished":"2020-02-23T10:56:03+00:00","dateModified":"2025-10-14T00:50:09+00:00","breadcrumb":{"@id":"https:\/\/atavisticchemotherapy.com\/contact-us\/#breadcrumb"},"inLanguage":"es","potentialAction":[{"@type":"ReadAction","target":["https:\/\/atavisticchemotherapy.com\/contact-us\/"]}]},{"@type":"ImageObject","inLanguage":"es","@id":"https:\/\/atavisticchemotherapy.com\/contact-us\/#primaryimage","url":"https:\/\/atavisticchemotherapy.com\/wp-content\/uploads\/2025\/10\/ContactUs-300x200.jpeg","contentUrl":"https:\/\/atavisticchemotherapy.com\/wp-content\/uploads\/2025\/10\/ContactUs-300x200.jpeg"},{"@type":"BreadcrumbList","@id":"https:\/\/atavisticchemotherapy.com\/contact-us\/#breadcrumb","itemListElement":[{"@type":"ListItem","position":1,"name":"Home","item":"https:\/\/atavisticchemotherapy.com\/"},{"@type":"ListItem","position":2,"name":"Contact Us"}]},{"@type":"WebSite","@id":"https:\/\/atavisticchemotherapy.com\/#website","url":"https:\/\/atavisticchemotherapy.com\/","name":"Quimioterapia at\u00e1vica","description":"","potentialAction":[{"@type":"SearchAction","target":{"@type":"EntryPoint","urlTemplate":"https:\/\/atavisticchemotherapy.com\/?s={search_term_string}"},"query-input":{"@type":"PropertyValueSpecification","valueRequired":true,"valueName":"search_term_string"}}],"inLanguage":"es"}]}},"_links":{"self":[{"href":"https:\/\/atavisticchemotherapy.com\/es\/wp-json\/wp\/v2\/pages\/360","targetHints":{"allow":["GET"]}}],"collection":[{"href":"https:\/\/atavisticchemotherapy.com\/es\/wp-json\/wp\/v2\/pages"}],"about":[{"href":"https:\/\/atavisticchemotherapy.com\/es\/wp-json\/wp\/v2\/types\/page"}],"author":[{"embeddable":true,"href":"https:\/\/atavisticchemotherapy.com\/es\/wp-json\/wp\/v2\/users\/1"}],"replies":[{"embeddable":true,"href":"https:\/\/atavisticchemotherapy.com\/es\/wp-json\/wp\/v2\/comments?post=360"}],"version-history":[{"count":5,"href":"https:\/\/atavisticchemotherapy.com\/es\/wp-json\/wp\/v2\/pages\/360\/revisions"}],"predecessor-version":[{"id":4283,"href":"https:\/\/atavisticchemotherapy.com\/es\/wp-json\/wp\/v2\/pages\/360\/revisions\/4283"}],"wp:attachment":[{"href":"https:\/\/atavisticchemotherapy.com\/es\/wp-json\/wp\/v2\/media?parent=360"}],"curies":[{"name":"wp","href":"https:\/\/api.w.org\/{rel}","templated":true}]}}