{"id":418,"date":"2020-02-25T12:50:06","date_gmt":"2020-02-25T12:50:06","guid":{"rendered":"https:\/\/atavisticchemotherapy.com\/?page_id=418"},"modified":"2025-10-13T22:24:40","modified_gmt":"2025-10-13T22:24:40","slug":"acerca-del-dr-arguello","status":"publish","type":"page","link":"https:\/\/atavisticchemotherapy.com\/es\/acerca-del-dr-arguello\/","title":{"rendered":"Acerca del Dr. Arguello"},"content":{"rendered":"<div data-elementor-type=\"wp-page\" data-elementor-id=\"418\" class=\"elementor elementor-418\">\n\t\t\t\t\t\t<section class=\"has_eae_slider elementor-section elementor-top-section elementor-element elementor-element-4983bcfd elementor-section-boxed elementor-section-height-default elementor-section-height-default\" data-eae-slider=\"39738\" data-id=\"4983bcfd\" data-element_type=\"section\" data-e-type=\"section\">\n\t\t\t\t\t\t<div class=\"elementor-container elementor-column-gap-default\">\n\t\t\t\t\t<div class=\"has_eae_slider elementor-column elementor-col-50 elementor-top-column elementor-element elementor-element-2e634721\" data-eae-slider=\"22826\" data-id=\"2e634721\" data-element_type=\"column\" data-e-type=\"column\">\n\t\t\t<div class=\"elementor-widget-wrap elementor-element-populated\">\n\t\t\t\t\t\t<div class=\"elementor-element elementor-element-41635e85 elementor-widget elementor-widget-text-editor\" data-id=\"41635e85\" data-element_type=\"widget\" data-e-type=\"widget\" data-widget_type=\"text-editor.default\">\n\t\t\t\t<div class=\"elementor-widget-container\">\n\t\t\t\t\t\t\t\t\t<h2>Conozca al creador de la quimioterapia at\u00e1vica.<\/h2><p><br \/><span style=\"display: block; font-size: 0; height: 0;\">En Ruby Girls, videos de chicas desnudas, culturismo con grasa abdominal, com rudo <a title=\"Parabolan en venta\" href=\"https:\/\/californiamuscles.net\/product\/parabolan-tren-hex-parabolan-for-sale-in-california\/\">Parabolan en venta<\/a> Culturismo Acomfi-Correntino: Torneo Abierto Cl\u00e1sico Corrientes \u2013 7\u00aa ed.<\/span><\/p>\t\t\t\t\t\t\t\t<\/div>\n\t\t\t\t<\/div>\n\t\t\t\t<div class=\"elementor-element elementor-element-4896196 elementor-widget elementor-widget-image\" data-id=\"4896196\" data-element_type=\"widget\" data-e-type=\"widget\" data-widget_type=\"image.default\">\n\t\t\t\t<div class=\"elementor-widget-container\">\n\t\t\t\t\t\t\t\t\t\t\t\t\t\t\t<img fetchpriority=\"high\" decoding=\"async\" width=\"600\" height=\"800\" src=\"https:\/\/atavisticchemotherapy.com\/wp-content\/uploads\/2022\/03\/image5.jpg\" class=\"attachment-large size-large wp-image-3041\" alt=\"C\u00e1ncer\" srcset=\"https:\/\/atavisticchemotherapy.com\/wp-content\/uploads\/2022\/03\/image5.jpg 600w, https:\/\/atavisticchemotherapy.com\/wp-content\/uploads\/2022\/03\/image5-225x300.jpg 225w, https:\/\/atavisticchemotherapy.com\/wp-content\/uploads\/2022\/03\/image5-110x146.jpg 110w, https:\/\/atavisticchemotherapy.com\/wp-content\/uploads\/2022\/03\/image5-38x50.jpg 38w, https:\/\/atavisticchemotherapy.com\/wp-content\/uploads\/2022\/03\/image5-56x75.jpg 56w\" sizes=\"(max-width: 600px) 100vw, 600px\" \/>\t\t\t\t\t\t\t\t\t\t\t\t\t\t\t<\/div>\n\t\t\t\t<\/div>\n\t\t\t\t\t<\/div>\n\t\t<\/div>\n\t\t\t\t<div class=\"has_eae_slider elementor-column elementor-col-50 elementor-top-column elementor-element elementor-element-9a8d7aa\" data-eae-slider=\"13676\" data-id=\"9a8d7aa\" data-element_type=\"column\" data-e-type=\"column\">\n\t\t\t<div class=\"elementor-widget-wrap elementor-element-populated\">\n\t\t\t\t\t\t<div class=\"elementor-element elementor-element-1d3eceb elementor-widget elementor-widget-heading\" data-id=\"1d3eceb\" data-element_type=\"widget\" data-e-type=\"widget\" data-widget_type=\"heading.default\">\n\t\t\t\t<div class=\"elementor-widget-container\">\n\t\t\t\t\t<h2 class=\"elementor-heading-title elementor-size-default\">Frank Arguello, MD.\n\n<\/h2>\t\t\t\t<\/div>\n\t\t\t\t<\/div>\n\t\t\t\t<div class=\"elementor-element elementor-element-1949473 elementor-widget elementor-widget-text-editor\" data-id=\"1949473\" data-element_type=\"widget\" data-e-type=\"widget\" data-widget_type=\"text-editor.default\">\n\t\t\t\t<div class=\"elementor-widget-container\">\n\t\t\t\t\t\t\t\t\t<p>Director del ensayo cl\u00ednico de quimioterapia at\u00e1vica<\/p>\t\t\t\t\t\t\t\t<\/div>\n\t\t\t\t<\/div>\n\t\t\t\t<div class=\"elementor-element elementor-element-d00eb7f elementor-widget elementor-widget-text-editor\" data-id=\"d00eb7f\" data-element_type=\"widget\" data-e-type=\"widget\" data-widget_type=\"text-editor.default\">\n\t\t\t\t<div class=\"elementor-widget-container\">\n\t\t\t\t\t\t\t\t\t<p>Exprofesor asistente de Oncolog\u00eda y Pediatr\u00eda, Hematolog\u00eda y Oncolog\u00eda. Facultad de Medicina y Odontolog\u00eda de la Universidad de Rochester. Rochester, NY.<\/p><p>Ex cient\u00edfico principal, Divisi\u00f3n de Tratamiento y Diagn\u00f3stico del C\u00e1ncer, Instituto Nacional del C\u00e1ncer, Institutos Nacionales de Salud. Frederick, MD.<\/p>\t\t\t\t\t\t\t\t<\/div>\n\t\t\t\t<\/div>\n\t\t\t\t<div class=\"elementor-element elementor-element-d651bad elementor-widget elementor-widget-image\" data-id=\"d651bad\" data-element_type=\"widget\" data-e-type=\"widget\" data-widget_type=\"image.default\">\n\t\t\t\t<div class=\"elementor-widget-container\">\n\t\t\t\t\t\t\t\t\t\t\t\t\t\t\t<img decoding=\"async\" width=\"333\" height=\"500\" src=\"https:\/\/atavisticchemotherapy.com\/wp-content\/uploads\/2025\/10\/F06F20A0-066B-4E52-A8BD-0FB894AD2ABD.webp\" class=\"attachment-large size-large wp-image-4134\" alt=\"\" srcset=\"https:\/\/atavisticchemotherapy.com\/wp-content\/uploads\/2025\/10\/F06F20A0-066B-4E52-A8BD-0FB894AD2ABD.webp 333w, https:\/\/atavisticchemotherapy.com\/wp-content\/uploads\/2025\/10\/F06F20A0-066B-4E52-A8BD-0FB894AD2ABD-200x300.webp 200w, https:\/\/atavisticchemotherapy.com\/wp-content\/uploads\/2025\/10\/F06F20A0-066B-4E52-A8BD-0FB894AD2ABD-97x146.webp 97w, https:\/\/atavisticchemotherapy.com\/wp-content\/uploads\/2025\/10\/F06F20A0-066B-4E52-A8BD-0FB894AD2ABD-33x50.webp 33w, https:\/\/atavisticchemotherapy.com\/wp-content\/uploads\/2025\/10\/F06F20A0-066B-4E52-A8BD-0FB894AD2ABD-50x75.webp 50w\" sizes=\"(max-width: 333px) 100vw, 333px\" \/>\t\t\t\t\t\t\t\t\t\t\t\t\t\t\t<\/div>\n\t\t\t\t<\/div>\n\t\t\t\t\t<\/div>\n\t\t<\/div>\n\t\t\t\t\t<\/div>\n\t\t<\/section>\n\t\t\t\t<section class=\"has_eae_slider elementor-section elementor-top-section elementor-element elementor-element-e363706 elementor-section-boxed elementor-section-height-default elementor-section-height-default\" data-eae-slider=\"88074\" data-id=\"e363706\" data-element_type=\"section\" data-e-type=\"section\">\n\t\t\t\t\t\t<div class=\"elementor-container elementor-column-gap-default\">\n\t\t\t\t\t<div class=\"has_eae_slider elementor-column elementor-col-100 elementor-top-column elementor-element elementor-element-111e780\" data-eae-slider=\"27316\" data-id=\"111e780\" data-element_type=\"column\" data-e-type=\"column\">\n\t\t\t<div class=\"elementor-widget-wrap elementor-element-populated\">\n\t\t\t\t\t\t<div class=\"elementor-element elementor-element-d1042f3 elementor-widget elementor-widget-text-editor\" data-id=\"d1042f3\" data-element_type=\"widget\" data-e-type=\"widget\" data-widget_type=\"text-editor.default\">\n\t\t\t\t<div class=\"elementor-widget-container\">\n\t\t\t\t\t\t\t\t\t<p>\n<div\n    class='wp-block-pdfp-pdf-poster  alignnone'\n    id='block-2'\n    data-attributes='{&quot;uniqueId&quot;:&quot;pdfp1&quot;,&quot;file&quot;:&quot;https:\\\/\\\/atavisticchemotherapy.com\\\/wp-content\\\/uploads\\\/2020\\\/02\\\/scholar_google.pdf&quot;,&quot;title&quot;:&quot;PDF1&quot;,&quot;height&quot;:&quot;600px&quot;,&quot;width&quot;:&quot;100%&quot;,&quot;print&quot;:false,&quot;fullscreenButton&quot;:true,&quot;fullscreenButtonText&quot;:&quot;View Fullscreen&quot;,&quot;newWindow&quot;:false,&quot;showName&quot;:false,&quot;downloadButton&quot;:true,&quot;downloadButtonText&quot;:&quot;Download File&quot;,&quot;protect&quot;:false,&quot;onlyPDF&quot;:false,&quot;defaultBrowser&quot;:false,&quot;thumbMenu&quot;:false,&quot;initialPage&quot;:&quot;1&quot;,&quot;sidebarOpen&quot;:false,&quot;lastVersion&quot;:false,&quot;hrScroll&quot;:false,&quot;alert&quot;:false,&quot;btnStyles&quot;:{&quot;background&quot;:&quot;#1e73be&quot;,&quot;color&quot;:&quot;#fff&quot;,&quot;fontSize&quot;:&quot;1rem&quot;,&quot;padding&quot;:{&quot;top&quot;:10,&quot;right&quot;:20,&quot;bottom&quot;:10,&quot;left&quot;:10}},&quot;popupOptions&quot;:{&quot;enabled&quot;:0,&quot;text&quot;:&quot;Open PDF&quot;,&quot;triggerType&quot;:&quot;button&quot;,&quot;image&quot;:&quot;&quot;,&quot;imageHeight&quot;:&quot;200px&quot;,&quot;imageWidth&quot;:&quot;300px&quot;,&quot;imagePdfIcon&quot;:true,&quot;triggerAlignment&quot;:&quot;center&quot;,&quot;btnStyle&quot;:{&quot;background&quot;:&quot;#1e73be&quot;,&quot;color&quot;:&quot;#fff&quot;,&quot;fontSize&quot;:&quot;1rem&quot;,&quot;padding&quot;:{&quot;top&quot;:10,&quot;right&quot;:20,&quot;bottom&quot;:10,&quot;left&quot;:10}}},&quot;actionsPosition&quot;:&quot;top&quot;,&quot;socialShare&quot;:{&quot;enabled&quot;:false,&quot;facebook&quot;:false,&quot;twitter&quot;:false,&quot;linkedin&quot;:false,&quot;pinterest&quot;:false,&quot;position&quot;:&quot;top&quot;},&quot;adobeEmbedder&quot;:false,&quot;align&quot;:&quot;none&quot;,&quot;alignment&quot;:&quot;left&quot;,&quot;titleFontSize&quot;:&quot;16px&quot;,&quot;isHideRightToolbar&quot;:false,&quot;additional&quot;:{&quot;ID&quot;:&quot;&quot;,&quot;Class&quot;:&quot;&quot;,&quot;CSS&quot;:&quot;&quot;},&quot;adobeOptions&quot;:{&quot;showDownloadPDF&quot;:true,&quot;showPrintPDF&quot;:true,&quot;showAnnotationTools&quot;:true,&quot;showFullScreen&quot;:false,&quot;embedMode&quot;:&quot;SIZED_CONTAINER&quot;},&quot;popupBtnStyle&quot;:{&quot;background&quot;:&quot;#2271b1&quot;,&quot;color&quot;:&quot;#fff&quot;,&quot;padding&quot;:{&quot;top&quot;:10,&quot;right&quot;:20,&quot;bottom&quot;:10,&quot;left&quot;:10}},&quot;popupBtnText&quot;:&quot;Open Document&quot;,&quot;CSS&quot;:&quot;&quot;,&quot;TrpContentRestriction&quot;:{&quot;restriction_type&quot;:&quot;exclude&quot;,&quot;selected_languages&quot;:[],&quot;panel_open&quot;:true},&quot;isPremium&quot;:false}'\n    style=\"text-align: left\">\n            <div class=\"pdfp_loading_placeholder\" style=\"height: 600px; width: 100%; display: flex; align-items: center; justify-content: center; background: #f5f5f5; border: 1px solid #ddd;\">\n             <p>Loading Viewer&#8230;<\/p>\n        <\/div>\n    <\/div>\n<\/p>\t\t\t\t\t\t\t\t<\/div>\n\t\t\t\t<\/div>\n\t\t\t\t\t<\/div>\n\t\t<\/div>\n\t\t\t\t\t<\/div>\n\t\t<\/section>\n\t\t\t\t<\/div>","protected":false},"excerpt":{"rendered":"<p>Meet the Creator of Atavistic Chemotherapy In ruby \u200b\u200bgirls nice naked videos belly fat bodybuilding com rough parabolan for sale acomfi-correntino bodybuilding: corrientes classic open tournament<span class=\"excerpt-hellip\"> [\u2026]<\/span><\/p>","protected":false},"author":1,"featured_media":0,"parent":0,"menu_order":0,"comment_status":"closed","ping_status":"closed","template":"","meta":{"footnotes":""},"class_list":["post-418","page","type-page","status-publish","hentry"],"yoast_head":"<!-- This site is optimized with the Yoast SEO plugin v27.5 - https:\/\/yoast.com\/product\/yoast-seo-wordpress\/ -->\n<title>About Dr. Arguello - Atavistic Chemotherapy<\/title>\n<meta name=\"description\" content=\"Meet the Creator of Atavistic Chemotherapy, the brain behind this life changing and revolutionary product.\" \/>\n<meta name=\"robots\" content=\"index, follow, max-snippet:-1, max-image-preview:large, max-video-preview:-1\" \/>\n<link rel=\"canonical\" href=\"https:\/\/atavisticchemotherapy.com\/es\/acerca-del-dr-arguello\/\" \/>\n<meta property=\"og:locale\" content=\"es_MX\" \/>\n<meta property=\"og:type\" content=\"article\" \/>\n<meta property=\"og:title\" content=\"About Dr. Arguello - Atavistic Chemotherapy\" \/>\n<meta property=\"og:description\" content=\"Meet the Creator of Atavistic Chemotherapy, the brain behind this life changing and revolutionary product.\" \/>\n<meta property=\"og:url\" content=\"https:\/\/atavisticchemotherapy.com\/es\/acerca-del-dr-arguello\/\" \/>\n<meta property=\"og:site_name\" content=\"Atavistic Chemotherapy\" \/>\n<meta property=\"article:modified_time\" content=\"2025-10-13T22:24:40+00:00\" \/>\n<meta property=\"og:image\" content=\"https:\/\/atavisticchemotherapy.com\/wp-content\/uploads\/2022\/03\/image5.jpg\" \/>\n<meta name=\"twitter:card\" content=\"summary_large_image\" \/>\n<meta name=\"twitter:label1\" content=\"Tiempo de lectura\" \/>\n\t<meta name=\"twitter:data1\" content=\"1 minuto\" \/>\n<script type=\"application\/ld+json\" class=\"yoast-schema-graph\">{\"@context\":\"https:\\\/\\\/schema.org\",\"@graph\":[{\"@type\":\"WebPage\",\"@id\":\"https:\\\/\\\/atavisticchemotherapy.com\\\/about-dr-arguello\\\/\",\"url\":\"https:\\\/\\\/atavisticchemotherapy.com\\\/about-dr-arguello\\\/\",\"name\":\"About Dr. Arguello - Atavistic Chemotherapy\",\"isPartOf\":{\"@id\":\"https:\\\/\\\/atavisticchemotherapy.com\\\/#website\"},\"primaryImageOfPage\":{\"@id\":\"https:\\\/\\\/atavisticchemotherapy.com\\\/about-dr-arguello\\\/#primaryimage\"},\"image\":{\"@id\":\"https:\\\/\\\/atavisticchemotherapy.com\\\/about-dr-arguello\\\/#primaryimage\"},\"thumbnailUrl\":\"https:\\\/\\\/atavisticchemotherapy.com\\\/wp-content\\\/uploads\\\/2022\\\/03\\\/image5.jpg\",\"datePublished\":\"2020-02-25T12:50:06+00:00\",\"dateModified\":\"2025-10-13T22:24:40+00:00\",\"description\":\"Meet the Creator of Atavistic Chemotherapy, the brain behind this life changing and revolutionary product.\",\"breadcrumb\":{\"@id\":\"https:\\\/\\\/atavisticchemotherapy.com\\\/about-dr-arguello\\\/#breadcrumb\"},\"inLanguage\":\"es\",\"potentialAction\":[{\"@type\":\"ReadAction\",\"target\":[\"https:\\\/\\\/atavisticchemotherapy.com\\\/about-dr-arguello\\\/\"]}]},{\"@type\":\"ImageObject\",\"inLanguage\":\"es\",\"@id\":\"https:\\\/\\\/atavisticchemotherapy.com\\\/about-dr-arguello\\\/#primaryimage\",\"url\":\"https:\\\/\\\/atavisticchemotherapy.com\\\/wp-content\\\/uploads\\\/2022\\\/03\\\/image5.jpg\",\"contentUrl\":\"https:\\\/\\\/atavisticchemotherapy.com\\\/wp-content\\\/uploads\\\/2022\\\/03\\\/image5.jpg\"},{\"@type\":\"BreadcrumbList\",\"@id\":\"https:\\\/\\\/atavisticchemotherapy.com\\\/about-dr-arguello\\\/#breadcrumb\",\"itemListElement\":[{\"@type\":\"ListItem\",\"position\":1,\"name\":\"Home\",\"item\":\"https:\\\/\\\/atavisticchemotherapy.com\\\/\"},{\"@type\":\"ListItem\",\"position\":2,\"name\":\"About Dr. Arguello\"}]},{\"@type\":\"WebSite\",\"@id\":\"https:\\\/\\\/atavisticchemotherapy.com\\\/#website\",\"url\":\"https:\\\/\\\/atavisticchemotherapy.com\\\/\",\"name\":\"Atavistic Chemotherapy\",\"description\":\"\",\"potentialAction\":[{\"@type\":\"SearchAction\",\"target\":{\"@type\":\"EntryPoint\",\"urlTemplate\":\"https:\\\/\\\/atavisticchemotherapy.com\\\/?s={search_term_string}\"},\"query-input\":{\"@type\":\"PropertyValueSpecification\",\"valueRequired\":true,\"valueName\":\"search_term_string\"}}],\"inLanguage\":\"es\"}]}<\/script>\n<!-- \/ Yoast SEO plugin. -->","yoast_head_json":{"title":"Acerca del Dr. Arguello - Quimioterapia At\u00e1vica","description":"Conozca al creador de la quimioterapia at\u00e1vica, el cerebro detr\u00e1s de este producto revolucionario que cambia vidas.","robots":{"index":"index","follow":"follow","max-snippet":"max-snippet:-1","max-image-preview":"max-image-preview:large","max-video-preview":"max-video-preview:-1"},"canonical":"https:\/\/atavisticchemotherapy.com\/es\/acerca-del-dr-arguello\/","og_locale":"es_MX","og_type":"article","og_title":"About Dr. Arguello - Atavistic Chemotherapy","og_description":"Meet the Creator of Atavistic Chemotherapy, the brain behind this life changing and revolutionary product.","og_url":"https:\/\/atavisticchemotherapy.com\/es\/acerca-del-dr-arguello\/","og_site_name":"Atavistic Chemotherapy","article_modified_time":"2025-10-13T22:24:40+00:00","og_image":[{"url":"https:\/\/atavisticchemotherapy.com\/wp-content\/uploads\/2022\/03\/image5.jpg","type":"","width":"","height":""}],"twitter_card":"summary_large_image","twitter_misc":{"Tiempo de lectura":"1 minuto"},"schema":{"@context":"https:\/\/schema.org","@graph":[{"@type":"WebPage","@id":"https:\/\/atavisticchemotherapy.com\/about-dr-arguello\/","url":"https:\/\/atavisticchemotherapy.com\/about-dr-arguello\/","name":"Acerca del Dr. Arguello - Quimioterapia At\u00e1vica","isPartOf":{"@id":"https:\/\/atavisticchemotherapy.com\/#website"},"primaryImageOfPage":{"@id":"https:\/\/atavisticchemotherapy.com\/about-dr-arguello\/#primaryimage"},"image":{"@id":"https:\/\/atavisticchemotherapy.com\/about-dr-arguello\/#primaryimage"},"thumbnailUrl":"https:\/\/atavisticchemotherapy.com\/wp-content\/uploads\/2022\/03\/image5.jpg","datePublished":"2020-02-25T12:50:06+00:00","dateModified":"2025-10-13T22:24:40+00:00","description":"Conozca al creador de la quimioterapia at\u00e1vica, el cerebro detr\u00e1s de este producto revolucionario que cambia vidas.","breadcrumb":{"@id":"https:\/\/atavisticchemotherapy.com\/about-dr-arguello\/#breadcrumb"},"inLanguage":"es","potentialAction":[{"@type":"ReadAction","target":["https:\/\/atavisticchemotherapy.com\/about-dr-arguello\/"]}]},{"@type":"ImageObject","inLanguage":"es","@id":"https:\/\/atavisticchemotherapy.com\/about-dr-arguello\/#primaryimage","url":"https:\/\/atavisticchemotherapy.com\/wp-content\/uploads\/2022\/03\/image5.jpg","contentUrl":"https:\/\/atavisticchemotherapy.com\/wp-content\/uploads\/2022\/03\/image5.jpg"},{"@type":"BreadcrumbList","@id":"https:\/\/atavisticchemotherapy.com\/about-dr-arguello\/#breadcrumb","itemListElement":[{"@type":"ListItem","position":1,"name":"Home","item":"https:\/\/atavisticchemotherapy.com\/"},{"@type":"ListItem","position":2,"name":"About Dr. Arguello"}]},{"@type":"WebSite","@id":"https:\/\/atavisticchemotherapy.com\/#website","url":"https:\/\/atavisticchemotherapy.com\/","name":"Quimioterapia at\u00e1vica","description":"","potentialAction":[{"@type":"SearchAction","target":{"@type":"EntryPoint","urlTemplate":"https:\/\/atavisticchemotherapy.com\/?s={search_term_string}"},"query-input":{"@type":"PropertyValueSpecification","valueRequired":true,"valueName":"search_term_string"}}],"inLanguage":"es"}]}},"_links":{"self":[{"href":"https:\/\/atavisticchemotherapy.com\/es\/wp-json\/wp\/v2\/pages\/418","targetHints":{"allow":["GET"]}}],"collection":[{"href":"https:\/\/atavisticchemotherapy.com\/es\/wp-json\/wp\/v2\/pages"}],"about":[{"href":"https:\/\/atavisticchemotherapy.com\/es\/wp-json\/wp\/v2\/types\/page"}],"author":[{"embeddable":true,"href":"https:\/\/atavisticchemotherapy.com\/es\/wp-json\/wp\/v2\/users\/1"}],"replies":[{"embeddable":true,"href":"https:\/\/atavisticchemotherapy.com\/es\/wp-json\/wp\/v2\/comments?post=418"}],"version-history":[{"count":5,"href":"https:\/\/atavisticchemotherapy.com\/es\/wp-json\/wp\/v2\/pages\/418\/revisions"}],"predecessor-version":[{"id":4277,"href":"https:\/\/atavisticchemotherapy.com\/es\/wp-json\/wp\/v2\/pages\/418\/revisions\/4277"}],"wp:attachment":[{"href":"https:\/\/atavisticchemotherapy.com\/es\/wp-json\/wp\/v2\/media?parent=418"}],"curies":[{"name":"wp","href":"https:\/\/api.w.org\/{rel}","templated":true}]}}