{"id":4290,"date":"2025-10-27T18:16:14","date_gmt":"2025-10-27T18:16:14","guid":{"rendered":"https:\/\/atavisticchemotherapy.com\/?page_id=4290"},"modified":"2025-10-27T18:31:26","modified_gmt":"2025-10-27T18:31:26","slug":"pioneros-y-heroes","status":"publish","type":"page","link":"https:\/\/atavisticchemotherapy.com\/es\/pioneros-y-heroes\/","title":{"rendered":"Pioneros y h\u00e9roes"},"content":{"rendered":"<div data-elementor-type=\"wp-page\" data-elementor-id=\"4290\" class=\"elementor elementor-4290\">\n\t\t\t\t<div class=\"has_eae_slider elementor-element elementor-element-480a71e e-flex e-con-boxed e-con e-parent\" data-eae-slider=\"92509\" data-id=\"480a71e\" data-element_type=\"container\" data-e-type=\"container\">\n\t\t\t\t\t<div class=\"e-con-inner\">\n\t\t\t\t<div class=\"elementor-element elementor-element-77a633d elementor-hidden-tablet elementor-widget elementor-widget-heading\" data-id=\"77a633d\" data-element_type=\"widget\" data-e-type=\"widget\" data-widget_type=\"heading.default\">\n\t\t\t\t<div class=\"elementor-widget-container\">\n\t\t\t\t\t<h1 class=\"elementor-heading-title elementor-size-default\">Pioneros y h\u00e9roes<\/h1>\t\t\t\t<\/div>\n\t\t\t\t<\/div>\n\t\t\t\t\t<\/div>\n\t\t\t\t<\/div>\n\t\t<div class=\"has_eae_slider elementor-element elementor-element-8a14259 e-flex e-con-boxed e-con e-parent\" data-eae-slider=\"24788\" data-id=\"8a14259\" data-element_type=\"container\" data-e-type=\"container\">\n\t\t\t\t\t<div class=\"e-con-inner\">\n\t\t\t\t<div class=\"elementor-element elementor-element-33370c7 elementor-view-default elementor-position-block-start elementor-mobile-position-block-start elementor-widget elementor-widget-icon-box\" data-id=\"33370c7\" data-element_type=\"widget\" data-e-type=\"widget\" data-widget_type=\"icon-box.default\">\n\t\t\t\t<div class=\"elementor-widget-container\">\n\t\t\t\t\t\t\t<div class=\"elementor-icon-box-wrapper\">\n\n\t\t\t\t\t\t<div class=\"elementor-icon-box-icon\">\n\t\t\t\t<span  class=\"elementor-icon\">\n\t\t\t\t<i aria-hidden=\"true\" class=\"fas fa-hand-holding-medical\"><\/i>\t\t\t\t<\/span>\n\t\t\t<\/div>\n\t\t\t\n\t\t\t\t\t\t<div class=\"elementor-icon-box-content\">\n\n\t\t\t\t\t\t\t\t\t<h3 class=\"elementor-icon-box-title\">\n\t\t\t\t\t\t<span  >\n\t\t\t\t\t\t\tEn recuerdo\t\t\t\t\t\t<\/span>\n\t\t\t\t\t<\/h3>\n\t\t\t\t\n\t\t\t\t\t\t\t\t\t<p class=\"elementor-icon-box-description\">\n\t\t\t\t\t\tEste homenaje honra la vida de las personas que contribuyeron al desarrollo de la quimioterapia at\u00e1vica, despu\u00e9s de que sus posibilidades de curaci\u00f3n se vieran truncadas debido a la exposici\u00f3n previa a la quimioterapia y la radiaci\u00f3n convencionales.\t\t\t\t\t<\/p>\n\t\t\t\t\n\t\t\t<\/div>\n\t\t\t\n\t\t<\/div>\n\t\t\t\t\t\t<\/div>\n\t\t\t\t<\/div>\n\t\t\t\t\t<\/div>\n\t\t\t\t<\/div>\n\t\t<div class=\"has_eae_slider elementor-element elementor-element-e7e2bfc e-flex e-con-boxed e-con e-parent\" data-eae-slider=\"53559\" data-id=\"e7e2bfc\" data-element_type=\"container\" data-e-type=\"container\">\n\t\t\t\t\t<div class=\"e-con-inner\">\n\t\t\t\t<div class=\"elementor-element elementor-element-035e8de elementor-widget elementor-widget-text-editor\" data-id=\"035e8de\" data-element_type=\"widget\" data-e-type=\"widget\" data-widget_type=\"text-editor.default\">\n\t\t\t\t<div class=\"elementor-widget-container\">\n\t\t\t\t\t\t\t\t\t<p class=\"whitespace-normal break-words\">A principios de 2011, tras la publicaci\u00f3n del libro del Dr. Arguello, <em>\u201cMetamorfosis at\u00e1vica: una explicaci\u00f3n nueva y l\u00f3gica del origen y la naturaleza biol\u00f3gica del c\u00e1ncer\u201d,\u201d<\/em> Se inici\u00f3 el ensayo cl\u00ednico de quimioterapia at\u00e1vica. Durante los primeros ocho a\u00f1os, muchos participantes del ensayo fueron pacientes dados de alta de hospitales de renombre, principalmente en Canad\u00e1, M\u00e9xico y Estados Unidos, despu\u00e9s de largos per\u00edodos de tratamientos convencionales ineficaces, incluidos la quimioterapia y la radiaci\u00f3n.<\/p>\n<p class=\"whitespace-normal break-words\"><a style=\"letter-spacing: 0px;\" href=\"https:\/\/atavisticchemotherapy.com\/es\/acerca-del-dr-arguello\/\" target=\"_blank\" rel=\"noopener\">Dr. Arg\u00fcello<\/a>&nbsp;Se descubri\u00f3 que los pacientes que hab\u00edan recibido previamente un tratamiento extenso con quimioterapia est\u00e1ndar mostraron respuestas temporales a la quimioterapia at\u00e1vica, a diferencia de quienes nunca hab\u00edan recibido dicho tratamiento. En otras palabras, si bien algunos pacientes pueden experimentar una remisi\u00f3n cl\u00ednica parcial o total con la quimioterapia at\u00e1vica, la mayor\u00eda sufrir\u00e1 una reca\u00edda aproximadamente un a\u00f1o despu\u00e9s. Otros pacientes tratados previamente no respondieron al tratamiento. Seg\u00fan informes m\u00e9dicos recientes, los medicamentos anticancer\u00edgenos comunes afectan la biolog\u00eda de las c\u00e9lulas cancerosas con el tiempo, lo que resulta en una mayor proliferaci\u00f3n, un comportamiento m\u00e1s agresivo, met\u00e1stasis a distancia y resistencia a otras terapias anticancer\u00edgenas, como la quimioterapia at\u00e1vica, seg\u00fan nuestra experiencia. Estos casos ocurren despu\u00e9s de meses de una aparente respuesta anticancer\u00edgena (v\u00e9ase la secci\u00f3n \u201cNo desperdicie su vida\u201d m\u00e1s arriba).<\/p>\n<p class=\"whitespace-normal break-words\">En 2019, el Dr. Arguello finaliz\u00f3 su ensayo cl\u00ednico gratuito de un mes de duraci\u00f3n para pacientes que hab\u00edan recibido quimioterapia o radioterapia convencionales durante un per\u00edodo prolongado, debido a la baja probabilidad de curaci\u00f3n. El Dr. Arguello sigue comprometido con la b\u00fasqueda de formas de superar la resistencia causada por los tratamientos oncol\u00f3gicos convencionales y contin\u00faa reclutando pacientes que se han sometido previamente a terapias oncol\u00f3gicas tradicionales, siempre que manifiesten su inter\u00e9s; considera que un ensayo de un mes es \u00fatil para evaluar su respuesta.<\/p>\n<p class=\"whitespace-normal break-words\">Los retratos fotogr\u00e1ficos de \u201cPioneros y H\u00e9roes\u201d muestran a algunos de los pacientes que recibieron tratamientos intensivos con quimioterapia o radioterapia tradicionales antes de participar en nuestro ensayo cl\u00ednico. Reconocemos su valent\u00eda al desafiar el statu quo y buscar un enfoque m\u00e1s racional del c\u00e1ncer, lo que permiti\u00f3 al Dr. Arguello desarrollar y perfeccionar lo que hoy se conoce como quimioterapia at\u00e1vica.<\/p>\t\t\t\t\t\t\t\t<\/div>\n\t\t\t\t<\/div>\n\t\t\t\t\t<\/div>\n\t\t\t\t<\/div>\n\t\t\t\t<\/div>","protected":false},"excerpt":{"rendered":"<p>Pioneers and Heroes In Remembrance This remembrance honors the lives of individuals who contributed to the development of atavistic chemotherapy, after their chances for a cure<span class=\"excerpt-hellip\"> [\u2026]<\/span><\/p>","protected":false},"author":1,"featured_media":0,"parent":0,"menu_order":0,"comment_status":"closed","ping_status":"closed","template":"","meta":{"footnotes":""},"class_list":["post-4290","page","type-page","status-publish","hentry"],"yoast_head":"<!-- This site is optimized with the Yoast SEO plugin v27.4 - https:\/\/yoast.com\/product\/yoast-seo-wordpress\/ -->\n<title>Pioneers and Heroes - Atavistic Chemotherapy<\/title>\n<meta name=\"description\" content=\"This page honors atavistic chemotherapy heroes. Those who contributed to the development of the treatment when conventional therapy failed.\" \/>\n<meta name=\"robots\" content=\"index, follow, max-snippet:-1, max-image-preview:large, max-video-preview:-1\" \/>\n<link rel=\"canonical\" href=\"https:\/\/atavisticchemotherapy.com\/es\/pioneros-y-heroes\/\" \/>\n<meta property=\"og:locale\" content=\"es_MX\" \/>\n<meta property=\"og:type\" content=\"article\" \/>\n<meta property=\"og:title\" content=\"Pioneers and Heroes - Atavistic Chemotherapy\" \/>\n<meta property=\"og:description\" content=\"This page honors atavistic chemotherapy heroes. Those who contributed to the development of the treatment when conventional therapy failed.\" \/>\n<meta property=\"og:url\" content=\"https:\/\/atavisticchemotherapy.com\/es\/pioneros-y-heroes\/\" \/>\n<meta property=\"og:site_name\" content=\"Atavistic Chemotherapy\" \/>\n<meta property=\"article:modified_time\" content=\"2025-10-27T18:31:26+00:00\" \/>\n<meta name=\"twitter:card\" content=\"summary_large_image\" \/>\n<meta name=\"twitter:label1\" content=\"Tiempo de lectura\" \/>\n\t<meta name=\"twitter:data1\" content=\"2 minutos\" \/>\n<script type=\"application\/ld+json\" class=\"yoast-schema-graph\">{\"@context\":\"https:\\\/\\\/schema.org\",\"@graph\":[{\"@type\":\"WebPage\",\"@id\":\"https:\\\/\\\/atavisticchemotherapy.com\\\/pioneers-and-heroes\\\/\",\"url\":\"https:\\\/\\\/atavisticchemotherapy.com\\\/pioneers-and-heroes\\\/\",\"name\":\"Pioneers and Heroes - Atavistic Chemotherapy\",\"isPartOf\":{\"@id\":\"https:\\\/\\\/atavisticchemotherapy.com\\\/#website\"},\"datePublished\":\"2025-10-27T18:16:14+00:00\",\"dateModified\":\"2025-10-27T18:31:26+00:00\",\"description\":\"This page honors atavistic chemotherapy heroes. Those who contributed to the development of the treatment when conventional therapy failed.\",\"breadcrumb\":{\"@id\":\"https:\\\/\\\/atavisticchemotherapy.com\\\/pioneers-and-heroes\\\/#breadcrumb\"},\"inLanguage\":\"es\",\"potentialAction\":[{\"@type\":\"ReadAction\",\"target\":[\"https:\\\/\\\/atavisticchemotherapy.com\\\/pioneers-and-heroes\\\/\"]}]},{\"@type\":\"BreadcrumbList\",\"@id\":\"https:\\\/\\\/atavisticchemotherapy.com\\\/pioneers-and-heroes\\\/#breadcrumb\",\"itemListElement\":[{\"@type\":\"ListItem\",\"position\":1,\"name\":\"Home\",\"item\":\"https:\\\/\\\/atavisticchemotherapy.com\\\/\"},{\"@type\":\"ListItem\",\"position\":2,\"name\":\"Pioneers and Heroes\"}]},{\"@type\":\"WebSite\",\"@id\":\"https:\\\/\\\/atavisticchemotherapy.com\\\/#website\",\"url\":\"https:\\\/\\\/atavisticchemotherapy.com\\\/\",\"name\":\"Atavistic Chemotherapy\",\"description\":\"\",\"potentialAction\":[{\"@type\":\"SearchAction\",\"target\":{\"@type\":\"EntryPoint\",\"urlTemplate\":\"https:\\\/\\\/atavisticchemotherapy.com\\\/?s={search_term_string}\"},\"query-input\":{\"@type\":\"PropertyValueSpecification\",\"valueRequired\":true,\"valueName\":\"search_term_string\"}}],\"inLanguage\":\"es\"}]}<\/script>\n<!-- \/ Yoast SEO plugin. -->","yoast_head_json":{"title":"Pioneros y h\u00e9roes: quimioterapia at\u00e1vica","description":"Esta p\u00e1gina rinde homenaje a los h\u00e9roes de la quimioterapia at\u00e1vica. Aquellos que contribuyeron al desarrollo del tratamiento cuando la terapia convencional fracas\u00f3.","robots":{"index":"index","follow":"follow","max-snippet":"max-snippet:-1","max-image-preview":"max-image-preview:large","max-video-preview":"max-video-preview:-1"},"canonical":"https:\/\/atavisticchemotherapy.com\/es\/pioneros-y-heroes\/","og_locale":"es_MX","og_type":"article","og_title":"Pioneers and Heroes - Atavistic Chemotherapy","og_description":"This page honors atavistic chemotherapy heroes. Those who contributed to the development of the treatment when conventional therapy failed.","og_url":"https:\/\/atavisticchemotherapy.com\/es\/pioneros-y-heroes\/","og_site_name":"Atavistic Chemotherapy","article_modified_time":"2025-10-27T18:31:26+00:00","twitter_card":"summary_large_image","twitter_misc":{"Tiempo de lectura":"2 minutos"},"schema":{"@context":"https:\/\/schema.org","@graph":[{"@type":"WebPage","@id":"https:\/\/atavisticchemotherapy.com\/pioneers-and-heroes\/","url":"https:\/\/atavisticchemotherapy.com\/pioneers-and-heroes\/","name":"Pioneros y h\u00e9roes: quimioterapia at\u00e1vica","isPartOf":{"@id":"https:\/\/atavisticchemotherapy.com\/#website"},"datePublished":"2025-10-27T18:16:14+00:00","dateModified":"2025-10-27T18:31:26+00:00","description":"Esta p\u00e1gina rinde homenaje a los h\u00e9roes de la quimioterapia at\u00e1vica. Aquellos que contribuyeron al desarrollo del tratamiento cuando la terapia convencional fracas\u00f3.","breadcrumb":{"@id":"https:\/\/atavisticchemotherapy.com\/pioneers-and-heroes\/#breadcrumb"},"inLanguage":"es","potentialAction":[{"@type":"ReadAction","target":["https:\/\/atavisticchemotherapy.com\/pioneers-and-heroes\/"]}]},{"@type":"BreadcrumbList","@id":"https:\/\/atavisticchemotherapy.com\/pioneers-and-heroes\/#breadcrumb","itemListElement":[{"@type":"ListItem","position":1,"name":"Home","item":"https:\/\/atavisticchemotherapy.com\/"},{"@type":"ListItem","position":2,"name":"Pioneers and Heroes"}]},{"@type":"WebSite","@id":"https:\/\/atavisticchemotherapy.com\/#website","url":"https:\/\/atavisticchemotherapy.com\/","name":"Quimioterapia at\u00e1vica","description":"","potentialAction":[{"@type":"SearchAction","target":{"@type":"EntryPoint","urlTemplate":"https:\/\/atavisticchemotherapy.com\/?s={search_term_string}"},"query-input":{"@type":"PropertyValueSpecification","valueRequired":true,"valueName":"search_term_string"}}],"inLanguage":"es"}]}},"_links":{"self":[{"href":"https:\/\/atavisticchemotherapy.com\/es\/wp-json\/wp\/v2\/pages\/4290","targetHints":{"allow":["GET"]}}],"collection":[{"href":"https:\/\/atavisticchemotherapy.com\/es\/wp-json\/wp\/v2\/pages"}],"about":[{"href":"https:\/\/atavisticchemotherapy.com\/es\/wp-json\/wp\/v2\/types\/page"}],"author":[{"embeddable":true,"href":"https:\/\/atavisticchemotherapy.com\/es\/wp-json\/wp\/v2\/users\/1"}],"replies":[{"embeddable":true,"href":"https:\/\/atavisticchemotherapy.com\/es\/wp-json\/wp\/v2\/comments?post=4290"}],"version-history":[{"count":5,"href":"https:\/\/atavisticchemotherapy.com\/es\/wp-json\/wp\/v2\/pages\/4290\/revisions"}],"predecessor-version":[{"id":4306,"href":"https:\/\/atavisticchemotherapy.com\/es\/wp-json\/wp\/v2\/pages\/4290\/revisions\/4306"}],"wp:attachment":[{"href":"https:\/\/atavisticchemotherapy.com\/es\/wp-json\/wp\/v2\/media?parent=4290"}],"curies":[{"name":"wp","href":"https:\/\/api.w.org\/{rel}","templated":true}]}}